{"id":1226,"date":"2017-04-30T10:17:22","date_gmt":"2017-04-30T10:17:22","guid":{"rendered":"https:\/\/www.royalpack.it\/?post_type=product&#038;p=1226"},"modified":"2025-01-06T07:40:24","modified_gmt":"2025-01-06T05:40:24","slug":"royal-pack-top-quality-rotoli-sottovuoto-goffrati-105-micron","status":"publish","type":"product","link":"https:\/\/www.royalpack.it\/en\/product\/royal-pack-top-quality-rotoli-sottovuoto-goffrati-105-micron\/","title":{"rendered":"Royal Pack Top Quality Embossed Vacuum Rolls 105 Micron"},"content":{"rendered":"<h2><strong>Royal Pack Top Quality embossed rolls 105 micron<\/strong><\/h2>\n<p>Embossed rolls for food vacuum made in Italy of high thickness. Cuttable and sealable, in heat-shrink packaging of 2 rolls of the same size<\/p>\n<p>Available in widths of 15 cm, 20 cm and 30 cm. Each embossed roll is 6 metres (600 cm) long.<\/p>\n<p>Visit the <a href=\"https:\/\/www.royalpack.it\/en\/la-qualita-dei-prodotti-royal-pack\/\"><strong>Royal Pack product quality page<\/strong><\/a> for more information on how our products are made and technical specifications.<\/p>","protected":false},"excerpt":{"rendered":"<p>Royal Pack Top Quality embossed vacuum rolls thickness 105 microns: 15\u00d7600 cm, 20\u00d7600 cm, 30\u00d7600 cm sealable 100% made in Italy. <strong>Free shipping for orders over Euro 49.00!<\/strong><\/p>","protected":false},"featured_media":4585,"template":"","meta":{"_cloudinary_featured_overwrite":false},"product_brand":[],"product_cat":[205],"product_tag":[229,206,230,156,231],"class_list":{"0":"post-1226","1":"product","2":"type-product","3":"status-publish","4":"has-post-thumbnail","6":"product_cat-buste-sacchetti-rotoli-per-sottovuoto-uso-alimentare","7":"product_tag-goffrati-105-micron","8":"product_tag-rotoli","9":"product_tag-royal-pack","10":"product_tag-sottovuoto","11":"product_tag-top-quality","12":"product_shipping_class-pe","14":"first","15":"instock","16":"taxable","17":"shipping-taxable","18":"purchasable","19":"product-type-variable","20":"has-default-attributes"},"yoast_head":"<!-- This site is optimized with the Yoast SEO plugin v26.7 - https:\/\/yoast.com\/wordpress\/plugins\/seo\/ -->\n<title>Royal Pack Top Quality rotoli sottovuoto goffrati 105 micron<\/title>\n<meta name=\"description\" content=\"Royal Pack Top Quality rotoli sottovuoto goffrati 105 micron: 15x600 cm, 20x600 cm, 30x600 cm saldabili 100% made in Italy alta qualit\u00e0\" \/>\n<meta name=\"robots\" content=\"index, follow, max-snippet:-1, max-image-preview:large, max-video-preview:-1\" \/>\n<link rel=\"canonical\" href=\"https:\/\/www.royalpack.it\/en\/product\/royal-pack-top-quality-rotoli-sottovuoto-goffrati-105-micron\/\" \/>\n<meta property=\"og:locale\" content=\"en_GB\" \/>\n<meta property=\"og:type\" content=\"article\" \/>\n<meta property=\"og:title\" content=\"Royal Pack Top Quality rotoli sottovuoto goffrati 105 micron\" \/>\n<meta property=\"og:description\" content=\"Royal Pack Top Quality rotoli sottovuoto goffrati 105 micron: 15x600 cm, 20x600 cm, 30x600 cm saldabili 100% made in Italy alta qualit\u00e0\" \/>\n<meta property=\"og:url\" content=\"https:\/\/www.royalpack.it\/en\/product\/royal-pack-top-quality-rotoli-sottovuoto-goffrati-105-micron\/\" \/>\n<meta property=\"og:site_name\" content=\"Royal Pack buste e rotoli sottovuoto conservazione alimenti\" \/>\n<meta property=\"article:modified_time\" content=\"2025-01-06T05:40:24+00:00\" \/>\n<meta property=\"og:image\" content=\"https:\/\/res.cloudinary.com\/royalpack\/images\/f_webp,q_auto\/v1655969728\/img2022\/royal-pack-top-quality-rotoli-sottovuoto-goffrati-105-micron-embossed-rolls-made-in-italy_u0k3th\/royal-pack-top-quality-rotoli-sottovuoto-goffrati-105-micron-embossed-rolls-made-in-italy_u0k3th.jpg?_i=AA\" \/>\n\t<meta property=\"og:image:width\" content=\"600\" \/>\n\t<meta property=\"og:image:height\" content=\"600\" \/>\n\t<meta property=\"og:image:type\" content=\"image\/jpeg\" \/>\n<meta name=\"twitter:card\" content=\"summary_large_image\" \/>\n<meta name=\"twitter:label1\" content=\"Estimated reading time\" \/>\n\t<meta name=\"twitter:data1\" content=\"1 minute\" \/>\n<script type=\"application\/ld+json\" class=\"yoast-schema-graph\">{\"@context\":\"https:\/\/schema.org\",\"@graph\":[{\"@type\":\"WebPage\",\"@id\":\"https:\/\/www.royalpack.it\/prodotto\/royal-pack-top-quality-rotoli-sottovuoto-goffrati-105-micron\/\",\"url\":\"https:\/\/www.royalpack.it\/prodotto\/royal-pack-top-quality-rotoli-sottovuoto-goffrati-105-micron\/\",\"name\":\"Royal Pack Top Quality rotoli sottovuoto goffrati 105 micron\",\"isPartOf\":{\"@id\":\"https:\/\/www.royalpack.it\/#website\"},\"primaryImageOfPage\":{\"@id\":\"https:\/\/www.royalpack.it\/prodotto\/royal-pack-top-quality-rotoli-sottovuoto-goffrati-105-micron\/#primaryimage\"},\"image\":{\"@id\":\"https:\/\/www.royalpack.it\/prodotto\/royal-pack-top-quality-rotoli-sottovuoto-goffrati-105-micron\/#primaryimage\"},\"thumbnailUrl\":\"https:\/\/res.cloudinary.com\/royalpack\/images\/f_webp,q_auto\/v1655969728\/img2022\/royal-pack-top-quality-rotoli-sottovuoto-goffrati-105-micron-embossed-rolls-made-in-italy_u0k3th\/royal-pack-top-quality-rotoli-sottovuoto-goffrati-105-micron-embossed-rolls-made-in-italy_u0k3th.jpg?_i=AA\",\"datePublished\":\"2017-04-30T10:17:22+00:00\",\"dateModified\":\"2025-01-06T05:40:24+00:00\",\"description\":\"Royal Pack Top Quality rotoli sottovuoto goffrati 105 micron: 15x600 cm, 20x600 cm, 30x600 cm saldabili 100% made in Italy alta qualit\u00e0\",\"breadcrumb\":{\"@id\":\"https:\/\/www.royalpack.it\/prodotto\/royal-pack-top-quality-rotoli-sottovuoto-goffrati-105-micron\/#breadcrumb\"},\"inLanguage\":\"en-GB\",\"potentialAction\":[{\"@type\":\"ReadAction\",\"target\":[\"https:\/\/www.royalpack.it\/prodotto\/royal-pack-top-quality-rotoli-sottovuoto-goffrati-105-micron\/\"]}]},{\"@type\":\"ImageObject\",\"inLanguage\":\"en-GB\",\"@id\":\"https:\/\/www.royalpack.it\/prodotto\/royal-pack-top-quality-rotoli-sottovuoto-goffrati-105-micron\/#primaryimage\",\"url\":\"https:\/\/res.cloudinary.com\/royalpack\/images\/f_webp,q_auto\/v1655969728\/img2022\/royal-pack-top-quality-rotoli-sottovuoto-goffrati-105-micron-embossed-rolls-made-in-italy_u0k3th\/royal-pack-top-quality-rotoli-sottovuoto-goffrati-105-micron-embossed-rolls-made-in-italy_u0k3th.jpg?_i=AA\",\"contentUrl\":\"https:\/\/res.cloudinary.com\/royalpack\/images\/f_webp,q_auto\/v1655969728\/img2022\/royal-pack-top-quality-rotoli-sottovuoto-goffrati-105-micron-embossed-rolls-made-in-italy_u0k3th\/royal-pack-top-quality-rotoli-sottovuoto-goffrati-105-micron-embossed-rolls-made-in-italy_u0k3th.jpg?_i=AA\",\"width\":600,\"height\":600,\"caption\":\"royal-pack-top-quality-rotoli-sottovuoto-goffrati-105-micron-embossed-rolls-made-in-italy\"},{\"@type\":\"BreadcrumbList\",\"@id\":\"https:\/\/www.royalpack.it\/prodotto\/royal-pack-top-quality-rotoli-sottovuoto-goffrati-105-micron\/#breadcrumb\",\"itemListElement\":[{\"@type\":\"ListItem\",\"position\":1,\"name\":\"Home\",\"item\":\"https:\/\/www.royalpack.it\/\"},{\"@type\":\"ListItem\",\"position\":2,\"name\":\"Negozio Royal Pack\",\"item\":\"https:\/\/www.royalpack.it\/negozio-royal-pack\/\"},{\"@type\":\"ListItem\",\"position\":3,\"name\":\"Royal Pack Top Quality rotoli sottovuoto goffrati 105 micron\"}]},{\"@type\":\"WebSite\",\"@id\":\"https:\/\/www.royalpack.it\/#website\",\"url\":\"https:\/\/www.royalpack.it\/\",\"name\":\"Royal Pack buste e rotoli sottovuoto conservazione alimenti\",\"description\":\"\",\"publisher\":{\"@id\":\"https:\/\/www.royalpack.it\/#organization\"},\"potentialAction\":[{\"@type\":\"SearchAction\",\"target\":{\"@type\":\"EntryPoint\",\"urlTemplate\":\"https:\/\/www.royalpack.it\/?s={search_term_string}\"},\"query-input\":{\"@type\":\"PropertyValueSpecification\",\"valueRequired\":true,\"valueName\":\"search_term_string\"}}],\"inLanguage\":\"en-GB\"},{\"@type\":\"Organization\",\"@id\":\"https:\/\/www.royalpack.it\/#organization\",\"name\":\"ELCA S.r.l.\",\"url\":\"https:\/\/www.royalpack.it\/\",\"logo\":{\"@type\":\"ImageObject\",\"inLanguage\":\"en-GB\",\"@id\":\"https:\/\/www.royalpack.it\/#\/schema\/logo\/image\/\",\"url\":\"https:\/\/res.cloudinary.com\/royalpack\/images\/f_webp,q_auto\/v1704481236\/img2024\/royalpack-logo-200x50_uhnefp\/royalpack-logo-200x50_uhnefp.webp?_i=AA\",\"contentUrl\":\"https:\/\/res.cloudinary.com\/royalpack\/images\/f_webp,q_auto\/v1704481236\/img2024\/royalpack-logo-200x50_uhnefp\/royalpack-logo-200x50_uhnefp.webp?_i=AA\",\"width\":200,\"height\":100,\"caption\":\"ELCA S.r.l.\"},\"image\":{\"@id\":\"https:\/\/www.royalpack.it\/#\/schema\/logo\/image\/\"}}]}<\/script>\n<!-- \/ Yoast SEO plugin. -->","yoast_head_json":{"title":"Royal Pack Top Quality Embossed Vacuum Rolls 105 Micron","description":"Royal Pack Top Quality embossed vacuum rolls 105 micron: 15x600 cm, 20x600 cm, 30x600 cm sealable 100% made in Italy high quality","robots":{"index":"index","follow":"follow","max-snippet":"max-snippet:-1","max-image-preview":"max-image-preview:large","max-video-preview":"max-video-preview:-1"},"canonical":"https:\/\/www.royalpack.it\/en\/product\/royal-pack-top-quality-rotoli-sottovuoto-goffrati-105-micron\/","og_locale":"en_GB","og_type":"article","og_title":"Royal Pack Top Quality rotoli sottovuoto goffrati 105 micron","og_description":"Royal Pack Top Quality rotoli sottovuoto goffrati 105 micron: 15x600 cm, 20x600 cm, 30x600 cm saldabili 100% made in Italy alta qualit\u00e0","og_url":"https:\/\/www.royalpack.it\/en\/product\/royal-pack-top-quality-rotoli-sottovuoto-goffrati-105-micron\/","og_site_name":"Royal Pack buste e rotoli sottovuoto conservazione alimenti","article_modified_time":"2025-01-06T05:40:24+00:00","og_image":[{"width":600,"height":600,"url":"https:\/\/res.cloudinary.com\/royalpack\/images\/f_webp,q_auto\/v1655969728\/img2022\/royal-pack-top-quality-rotoli-sottovuoto-goffrati-105-micron-embossed-rolls-made-in-italy_u0k3th\/royal-pack-top-quality-rotoli-sottovuoto-goffrati-105-micron-embossed-rolls-made-in-italy_u0k3th.jpg?_i=AA","type":"image\/jpeg"}],"twitter_card":"summary_large_image","twitter_misc":{"Estimated reading time":"1 minute"},"schema":{"@context":"https:\/\/schema.org","@graph":[{"@type":"WebPage","@id":"https:\/\/www.royalpack.it\/prodotto\/royal-pack-top-quality-rotoli-sottovuoto-goffrati-105-micron\/","url":"https:\/\/www.royalpack.it\/prodotto\/royal-pack-top-quality-rotoli-sottovuoto-goffrati-105-micron\/","name":"Royal Pack Top Quality Embossed Vacuum Rolls 105 Micron","isPartOf":{"@id":"https:\/\/www.royalpack.it\/#website"},"primaryImageOfPage":{"@id":"https:\/\/www.royalpack.it\/prodotto\/royal-pack-top-quality-rotoli-sottovuoto-goffrati-105-micron\/#primaryimage"},"image":{"@id":"https:\/\/www.royalpack.it\/prodotto\/royal-pack-top-quality-rotoli-sottovuoto-goffrati-105-micron\/#primaryimage"},"thumbnailUrl":"https:\/\/res.cloudinary.com\/royalpack\/images\/f_webp,q_auto\/v1655969728\/img2022\/royal-pack-top-quality-rotoli-sottovuoto-goffrati-105-micron-embossed-rolls-made-in-italy_u0k3th\/royal-pack-top-quality-rotoli-sottovuoto-goffrati-105-micron-embossed-rolls-made-in-italy_u0k3th.jpg?_i=AA","datePublished":"2017-04-30T10:17:22+00:00","dateModified":"2025-01-06T05:40:24+00:00","description":"Royal Pack Top Quality embossed vacuum rolls 105 micron: 15x600 cm, 20x600 cm, 30x600 cm sealable 100% made in Italy high quality","breadcrumb":{"@id":"https:\/\/www.royalpack.it\/prodotto\/royal-pack-top-quality-rotoli-sottovuoto-goffrati-105-micron\/#breadcrumb"},"inLanguage":"en-GB","potentialAction":[{"@type":"ReadAction","target":["https:\/\/www.royalpack.it\/prodotto\/royal-pack-top-quality-rotoli-sottovuoto-goffrati-105-micron\/"]}]},{"@type":"ImageObject","inLanguage":"en-GB","@id":"https:\/\/www.royalpack.it\/prodotto\/royal-pack-top-quality-rotoli-sottovuoto-goffrati-105-micron\/#primaryimage","url":"https:\/\/res.cloudinary.com\/royalpack\/images\/f_webp,q_auto\/v1655969728\/img2022\/royal-pack-top-quality-rotoli-sottovuoto-goffrati-105-micron-embossed-rolls-made-in-italy_u0k3th\/royal-pack-top-quality-rotoli-sottovuoto-goffrati-105-micron-embossed-rolls-made-in-italy_u0k3th.jpg?_i=AA","contentUrl":"https:\/\/res.cloudinary.com\/royalpack\/images\/f_webp,q_auto\/v1655969728\/img2022\/royal-pack-top-quality-rotoli-sottovuoto-goffrati-105-micron-embossed-rolls-made-in-italy_u0k3th\/royal-pack-top-quality-rotoli-sottovuoto-goffrati-105-micron-embossed-rolls-made-in-italy_u0k3th.jpg?_i=AA","width":600,"height":600,"caption":"royal-pack-top-quality-rotoli-sottovuoto-goffrati-105-micron-embossed-rolls-made-in-italy"},{"@type":"BreadcrumbList","@id":"https:\/\/www.royalpack.it\/prodotto\/royal-pack-top-quality-rotoli-sottovuoto-goffrati-105-micron\/#breadcrumb","itemListElement":[{"@type":"ListItem","position":1,"name":"Home","item":"https:\/\/www.royalpack.it\/"},{"@type":"ListItem","position":2,"name":"Negozio Royal Pack","item":"https:\/\/www.royalpack.it\/negozio-royal-pack\/"},{"@type":"ListItem","position":3,"name":"Royal Pack Top Quality rotoli sottovuoto goffrati 105 micron"}]},{"@type":"WebSite","@id":"https:\/\/www.royalpack.it\/#website","url":"https:\/\/www.royalpack.it\/","name":"Royal Pack vacuum bags and rolls for food preservation","description":"","publisher":{"@id":"https:\/\/www.royalpack.it\/#organization"},"potentialAction":[{"@type":"SearchAction","target":{"@type":"EntryPoint","urlTemplate":"https:\/\/www.royalpack.it\/?s={search_term_string}"},"query-input":{"@type":"PropertyValueSpecification","valueRequired":true,"valueName":"search_term_string"}}],"inLanguage":"en-GB"},{"@type":"Organization","@id":"https:\/\/www.royalpack.it\/#organization","name":"ELCA Srl","url":"https:\/\/www.royalpack.it\/","logo":{"@type":"ImageObject","inLanguage":"en-GB","@id":"https:\/\/www.royalpack.it\/#\/schema\/logo\/image\/","url":"https:\/\/res.cloudinary.com\/royalpack\/images\/f_webp,q_auto\/v1704481236\/img2024\/royalpack-logo-200x50_uhnefp\/royalpack-logo-200x50_uhnefp.webp?_i=AA","contentUrl":"https:\/\/res.cloudinary.com\/royalpack\/images\/f_webp,q_auto\/v1704481236\/img2024\/royalpack-logo-200x50_uhnefp\/royalpack-logo-200x50_uhnefp.webp?_i=AA","width":200,"height":100,"caption":"ELCA S.r.l."},"image":{"@id":"https:\/\/www.royalpack.it\/#\/schema\/logo\/image\/"}}]}},"_links":{"self":[{"href":"https:\/\/www.royalpack.it\/en\/wp-json\/wp\/v2\/product\/1226","targetHints":{"allow":["GET"]}}],"collection":[{"href":"https:\/\/www.royalpack.it\/en\/wp-json\/wp\/v2\/product"}],"about":[{"href":"https:\/\/www.royalpack.it\/en\/wp-json\/wp\/v2\/types\/product"}],"version-history":[{"count":0,"href":"https:\/\/www.royalpack.it\/en\/wp-json\/wp\/v2\/product\/1226\/revisions"}],"wp:featuredmedia":[{"embeddable":true,"href":"https:\/\/www.royalpack.it\/en\/wp-json\/wp\/v2\/media\/4585"}],"wp:attachment":[{"href":"https:\/\/www.royalpack.it\/en\/wp-json\/wp\/v2\/media?parent=1226"}],"wp:term":[{"taxonomy":"product_brand","embeddable":true,"href":"https:\/\/www.royalpack.it\/en\/wp-json\/wp\/v2\/product_brand?post=1226"},{"taxonomy":"product_cat","embeddable":true,"href":"https:\/\/www.royalpack.it\/en\/wp-json\/wp\/v2\/product_cat?post=1226"},{"taxonomy":"product_tag","embeddable":true,"href":"https:\/\/www.royalpack.it\/en\/wp-json\/wp\/v2\/product_tag?post=1226"}],"curies":[{"name":"wp","href":"https:\/\/api.w.org\/{rel}","templated":true}]}}