{"id":552,"date":"2017-04-05T16:43:19","date_gmt":"2017-04-05T16:43:19","guid":{"rendered":"https:\/\/www.royalpack.it\/carrello\/"},"modified":"2025-03-01T22:19:27","modified_gmt":"2025-03-01T20:19:27","slug":"carrello","status":"publish","type":"page","link":"https:\/\/www.royalpack.it\/en\/carrello\/","title":{"rendered":"Cart"},"content":{"rendered":"<div data-elementor-type=\"wp-page\" data-elementor-id=\"552\" class=\"elementor elementor-552\" data-elementor-post-type=\"page\">\n\t\t\t\t\t\t<section class=\"elementor-section elementor-top-section elementor-element elementor-element-1b24be58 elementor-section-boxed elementor-section-height-default elementor-section-height-default\" data-id=\"1b24be58\" data-element_type=\"section\">\n\t\t\t\t\t\t<div class=\"elementor-container elementor-column-gap-default\">\n\t\t\t\t\t<div class=\"elementor-column elementor-col-100 elementor-top-column elementor-element elementor-element-20e09965\" data-id=\"20e09965\" data-element_type=\"column\">\n\t\t\t<div class=\"elementor-widget-wrap elementor-element-populated\">\n\t\t\t\t\t\t<div class=\"elementor-element elementor-element-a9e3f40 elementor-widget elementor-widget-text-editor\" data-id=\"a9e3f40\" data-element_type=\"widget\" data-widget_type=\"text-editor.default\">\n\t\t\t\t<div class=\"elementor-widget-container\">\n\t\t\t\t\t\t\t\t\t<h2><strong>Royal Pack Promotion!<\/strong><\/h2><p>If you buy at least 4 pieces, even of multiple items, you will immediately get one <strong>discount in the cart of 5%!<\/strong><\/p><p>If you buy at least 10 pieces, even of multiple items, you will immediately get one <strong>12% discount in cart!<\/strong><\/p><p>Shipping is free in Italy if you place an order of at least 49.00 Euros and if delivery takes place in NON-disadvantaged areas. For <a href=\"https:\/\/www.royalpack.it\/en\/spedizioni\/\"><strong>see the exact shipping conditions, visit our page<\/strong><\/a>.<\/p>\t\t\t\t\t\t\t\t<\/div>\n\t\t\t\t<\/div>\n\t\t\t\t\t<\/div>\n\t\t<\/div>\n\t\t\t\t\t<\/div>\n\t\t<\/section>\n\t\t\t\t<section class=\"elementor-section elementor-top-section elementor-element elementor-element-5f6b8ed elementor-section-boxed elementor-section-height-default elementor-section-height-default\" data-id=\"5f6b8ed\" data-element_type=\"section\">\n\t\t\t\t\t\t<div class=\"elementor-container elementor-column-gap-default\">\n\t\t\t\t\t<div class=\"elementor-column elementor-col-100 elementor-top-column elementor-element elementor-element-a7caa73\" data-id=\"a7caa73\" data-element_type=\"column\">\n\t\t\t<div class=\"elementor-widget-wrap elementor-element-populated\">\n\t\t\t\t\t\t\t<\/div>\n\t\t<\/div>\n\t\t\t\t\t<\/div>\n\t\t<\/section>\n\t\t\t\t<\/div>","protected":false},"excerpt":{"rendered":"<p>Royal Pack Promotion! If you buy at least 4 pieces, even more items, you will immediately get a discount in the cart of 5%! If you buy at least 10 pieces, even more items, you will immediately get a discount in the cart of 12! Shipping is free in Italy if you make an order of at least 49.00 Euros and if delivery [\u2026]<\/p>","protected":false},"author":2,"featured_media":0,"parent":0,"menu_order":0,"comment_status":"closed","ping_status":"closed","template":"","meta":{"_cloudinary_featured_overwrite":false,"footnotes":""},"class_list":["post-552","page","type-page","status-publish","hentry"],"yoast_head":"<!-- This site is optimized with the Yoast SEO plugin v26.7 - https:\/\/yoast.com\/wordpress\/plugins\/seo\/ -->\n<title>Carrello - Royal Pack buste e rotoli sottovuoto conservazione alimenti<\/title>\n<meta name=\"robots\" content=\"index, follow, max-snippet:-1, max-image-preview:large, max-video-preview:-1\" \/>\n<link rel=\"canonical\" href=\"https:\/\/www.royalpack.it\/en\/carrello\/\" \/>\n<meta property=\"og:locale\" content=\"en_GB\" \/>\n<meta property=\"og:type\" content=\"article\" \/>\n<meta property=\"og:title\" content=\"Carrello - Royal Pack buste e rotoli sottovuoto conservazione alimenti\" \/>\n<meta property=\"og:description\" content=\"Promozione Royal Pack! Se acquisti almeno 4 pezzi, anche di pi\u00f9 articoli, otterrai immediatamente uno sconto nel carrello del 5%! Se acquisti almeno 10 pezzi, anche di pi\u00f9 articoli, otterrai immediatamente uno sconto nel carrello del 12! La spedizione \u00e8 gratuita in Italia se fai un ordine di almeno 49,00 Euro e se la consegna [&hellip;]\" \/>\n<meta property=\"og:url\" content=\"https:\/\/www.royalpack.it\/en\/carrello\/\" \/>\n<meta property=\"og:site_name\" content=\"Royal Pack buste e rotoli sottovuoto conservazione alimenti\" \/>\n<meta property=\"article:modified_time\" content=\"2025-03-01T20:19:27+00:00\" \/>\n<meta name=\"twitter:card\" content=\"summary_large_image\" \/>\n<meta name=\"twitter:label1\" content=\"Estimated reading time\" \/>\n\t<meta name=\"twitter:data1\" content=\"1 minute\" \/>\n<script type=\"application\/ld+json\" class=\"yoast-schema-graph\">{\"@context\":\"https:\/\/schema.org\",\"@graph\":[{\"@type\":\"WebPage\",\"@id\":\"https:\/\/www.royalpack.it\/carrello\/\",\"url\":\"https:\/\/www.royalpack.it\/carrello\/\",\"name\":\"Carrello - Royal Pack buste e rotoli sottovuoto conservazione alimenti\",\"isPartOf\":{\"@id\":\"https:\/\/www.royalpack.it\/#website\"},\"datePublished\":\"2017-04-05T16:43:19+00:00\",\"dateModified\":\"2025-03-01T20:19:27+00:00\",\"breadcrumb\":{\"@id\":\"https:\/\/www.royalpack.it\/carrello\/#breadcrumb\"},\"inLanguage\":\"en-GB\",\"potentialAction\":[{\"@type\":\"ReadAction\",\"target\":[\"https:\/\/www.royalpack.it\/carrello\/\"]}]},{\"@type\":\"BreadcrumbList\",\"@id\":\"https:\/\/www.royalpack.it\/carrello\/#breadcrumb\",\"itemListElement\":[{\"@type\":\"ListItem\",\"position\":1,\"name\":\"Home\",\"item\":\"https:\/\/www.royalpack.it\/\"},{\"@type\":\"ListItem\",\"position\":2,\"name\":\"Carrello\"}]},{\"@type\":\"WebSite\",\"@id\":\"https:\/\/www.royalpack.it\/#website\",\"url\":\"https:\/\/www.royalpack.it\/\",\"name\":\"Royal Pack buste e rotoli sottovuoto conservazione alimenti\",\"description\":\"\",\"publisher\":{\"@id\":\"https:\/\/www.royalpack.it\/#organization\"},\"potentialAction\":[{\"@type\":\"SearchAction\",\"target\":{\"@type\":\"EntryPoint\",\"urlTemplate\":\"https:\/\/www.royalpack.it\/?s={search_term_string}\"},\"query-input\":{\"@type\":\"PropertyValueSpecification\",\"valueRequired\":true,\"valueName\":\"search_term_string\"}}],\"inLanguage\":\"en-GB\"},{\"@type\":\"Organization\",\"@id\":\"https:\/\/www.royalpack.it\/#organization\",\"name\":\"ELCA S.r.l.\",\"url\":\"https:\/\/www.royalpack.it\/\",\"logo\":{\"@type\":\"ImageObject\",\"inLanguage\":\"en-GB\",\"@id\":\"https:\/\/www.royalpack.it\/#\/schema\/logo\/image\/\",\"url\":\"https:\/\/res.cloudinary.com\/royalpack\/images\/f_webp,q_auto\/v1704481236\/img2024\/royalpack-logo-200x50_uhnefp\/royalpack-logo-200x50_uhnefp.webp?_i=AA\",\"contentUrl\":\"https:\/\/res.cloudinary.com\/royalpack\/images\/f_webp,q_auto\/v1704481236\/img2024\/royalpack-logo-200x50_uhnefp\/royalpack-logo-200x50_uhnefp.webp?_i=AA\",\"width\":200,\"height\":100,\"caption\":\"ELCA S.r.l.\"},\"image\":{\"@id\":\"https:\/\/www.royalpack.it\/#\/schema\/logo\/image\/\"}}]}<\/script>\n<!-- \/ Yoast SEO plugin. -->","yoast_head_json":{"title":"Cart - Royal Pack vacuum bags and rolls for food preservation","robots":{"index":"index","follow":"follow","max-snippet":"max-snippet:-1","max-image-preview":"max-image-preview:large","max-video-preview":"max-video-preview:-1"},"canonical":"https:\/\/www.royalpack.it\/en\/carrello\/","og_locale":"en_GB","og_type":"article","og_title":"Carrello - Royal Pack buste e rotoli sottovuoto conservazione alimenti","og_description":"Promozione Royal Pack! Se acquisti almeno 4 pezzi, anche di pi\u00f9 articoli, otterrai immediatamente uno sconto nel carrello del 5%! Se acquisti almeno 10 pezzi, anche di pi\u00f9 articoli, otterrai immediatamente uno sconto nel carrello del 12! La spedizione \u00e8 gratuita in Italia se fai un ordine di almeno 49,00 Euro e se la consegna [&hellip;]","og_url":"https:\/\/www.royalpack.it\/en\/carrello\/","og_site_name":"Royal Pack buste e rotoli sottovuoto conservazione alimenti","article_modified_time":"2025-03-01T20:19:27+00:00","twitter_card":"summary_large_image","twitter_misc":{"Estimated reading time":"1 minute"},"schema":{"@context":"https:\/\/schema.org","@graph":[{"@type":"WebPage","@id":"https:\/\/www.royalpack.it\/carrello\/","url":"https:\/\/www.royalpack.it\/carrello\/","name":"Cart - Royal Pack vacuum bags and rolls for food preservation","isPartOf":{"@id":"https:\/\/www.royalpack.it\/#website"},"datePublished":"2017-04-05T16:43:19+00:00","dateModified":"2025-03-01T20:19:27+00:00","breadcrumb":{"@id":"https:\/\/www.royalpack.it\/carrello\/#breadcrumb"},"inLanguage":"en-GB","potentialAction":[{"@type":"ReadAction","target":["https:\/\/www.royalpack.it\/carrello\/"]}]},{"@type":"BreadcrumbList","@id":"https:\/\/www.royalpack.it\/carrello\/#breadcrumb","itemListElement":[{"@type":"ListItem","position":1,"name":"Home","item":"https:\/\/www.royalpack.it\/"},{"@type":"ListItem","position":2,"name":"Carrello"}]},{"@type":"WebSite","@id":"https:\/\/www.royalpack.it\/#website","url":"https:\/\/www.royalpack.it\/","name":"Royal Pack vacuum bags and rolls for food preservation","description":"","publisher":{"@id":"https:\/\/www.royalpack.it\/#organization"},"potentialAction":[{"@type":"SearchAction","target":{"@type":"EntryPoint","urlTemplate":"https:\/\/www.royalpack.it\/?s={search_term_string}"},"query-input":{"@type":"PropertyValueSpecification","valueRequired":true,"valueName":"search_term_string"}}],"inLanguage":"en-GB"},{"@type":"Organization","@id":"https:\/\/www.royalpack.it\/#organization","name":"ELCA Srl","url":"https:\/\/www.royalpack.it\/","logo":{"@type":"ImageObject","inLanguage":"en-GB","@id":"https:\/\/www.royalpack.it\/#\/schema\/logo\/image\/","url":"https:\/\/res.cloudinary.com\/royalpack\/images\/f_webp,q_auto\/v1704481236\/img2024\/royalpack-logo-200x50_uhnefp\/royalpack-logo-200x50_uhnefp.webp?_i=AA","contentUrl":"https:\/\/res.cloudinary.com\/royalpack\/images\/f_webp,q_auto\/v1704481236\/img2024\/royalpack-logo-200x50_uhnefp\/royalpack-logo-200x50_uhnefp.webp?_i=AA","width":200,"height":100,"caption":"ELCA S.r.l."},"image":{"@id":"https:\/\/www.royalpack.it\/#\/schema\/logo\/image\/"}}]}},"_links":{"self":[{"href":"https:\/\/www.royalpack.it\/en\/wp-json\/wp\/v2\/pages\/552","targetHints":{"allow":["GET"]}}],"collection":[{"href":"https:\/\/www.royalpack.it\/en\/wp-json\/wp\/v2\/pages"}],"about":[{"href":"https:\/\/www.royalpack.it\/en\/wp-json\/wp\/v2\/types\/page"}],"author":[{"embeddable":true,"href":"https:\/\/www.royalpack.it\/en\/wp-json\/wp\/v2\/users\/2"}],"replies":[{"embeddable":true,"href":"https:\/\/www.royalpack.it\/en\/wp-json\/wp\/v2\/comments?post=552"}],"version-history":[{"count":0,"href":"https:\/\/www.royalpack.it\/en\/wp-json\/wp\/v2\/pages\/552\/revisions"}],"wp:attachment":[{"href":"https:\/\/www.royalpack.it\/en\/wp-json\/wp\/v2\/media?parent=552"}],"curies":[{"name":"wp","href":"https:\/\/api.w.org\/{rel}","templated":true}]}}